{"id":4990,"date":"2023-04-08T08:58:56","date_gmt":"2023-04-08T06:58:56","guid":{"rendered":"https:\/\/www.study-online-language.com\/?post_type=product&#038;p=4990"},"modified":"2024-11-29T10:01:59","modified_gmt":"2024-11-29T09:01:59","slug":"slovenscina-1a-dober-dan","status":"publish","type":"product","link":"https:\/\/www.study-online-language.com\/en\/product\/slovenscina-1a-dober-dan\/","title":{"rendered":"Slovene 1a: Dober dan! - Good day!"},"content":{"rendered":"<p><strong>Slovene 1a: Dober dan! - Good day!<\/strong><br \/>\nIn the first chapter, you will learn some basic phrases in Slovenian and you will get to know the Slovenian alphabet and pronunciation, as well as the basics of dividing nouns into feminine, masculine and neuter genders. At the end of the chapter, you will be able to distinguish between formal and informal dialogue. You will be able to introduce yourself (name, surname, occupation, nationality and languages you speak). You will know how to communicate your feelings and you will learn to ask for a phone number or email address. You will also be able to tell others about it too. You will also master some basic phrases for easier communication and some basic verbs. Finally, you will be able to listen to one Slovenian song and solve the exercises. To top it off, we've added another secret bonus content to the chapter.<\/p>","protected":false},"excerpt":{"rendered":"<p>Sloven\u0161\u010dina 1a: Dober dan! V prvem poglavju se boste nau\u010dili nekaj osnovnih fraz v sloven\u0161\u010dini, predstavitev in spoznali boste slovensko abecedo in izgovorjavo ter kako lo\u010dimo samostalnike na \u017eenski, mo\u0161ki in srednji spol. Ob koncu boste lahko lo\u010dili med formalnim in neformalnim dialogom. Znali boste predstaviti sebe (ime, priimek, poklic, narodnost in jezike, ki jih [&hellip;]<\/p>","protected":false},"featured_media":5458,"comment_status":"open","ping_status":"closed","template":"","meta":{"content-type":"","jetpack_post_was_ever_published":false},"product_brand":[],"product_cat":[29,30],"product_tag":[164,65,165,167,62,159,61,166,66],"class_list":{"0":"post-4990","1":"product","2":"type-product","3":"status-publish","4":"has-post-thumbnail","6":"product_cat-slovenscina","7":"product_cat-modul-1","8":"product_tag-dober-dan","9":"product_tag-modul-1","10":"product_tag-osnovne-fraze","11":"product_tag-osnovno-sporazumevanje","12":"product_tag-poglavje-1a","13":"product_tag-predstavitev","14":"product_tag-slovenscina","15":"product_tag-stevilke-do-10","16":"product_tag-stopnja-1","17":"wpbf-post","20":"instock","21":"virtual","22":"sold-individually","23":"taxable","24":"purchasable","25":"product-type-simple"},"_links":{"self":[{"href":"https:\/\/www.study-online-language.com\/en\/wp-json\/wp\/v2\/product\/4990","targetHints":{"allow":["GET"]}}],"collection":[{"href":"https:\/\/www.study-online-language.com\/en\/wp-json\/wp\/v2\/product"}],"about":[{"href":"https:\/\/www.study-online-language.com\/en\/wp-json\/wp\/v2\/types\/product"}],"replies":[{"embeddable":true,"href":"https:\/\/www.study-online-language.com\/en\/wp-json\/wp\/v2\/comments?post=4990"}],"wp:featuredmedia":[{"embeddable":true,"href":"https:\/\/www.study-online-language.com\/en\/wp-json\/wp\/v2\/media\/5458"}],"wp:attachment":[{"href":"https:\/\/www.study-online-language.com\/en\/wp-json\/wp\/v2\/media?parent=4990"}],"wp:term":[{"taxonomy":"product_brand","embeddable":true,"href":"https:\/\/www.study-online-language.com\/en\/wp-json\/wp\/v2\/product_brand?post=4990"},{"taxonomy":"product_cat","embeddable":true,"href":"https:\/\/www.study-online-language.com\/en\/wp-json\/wp\/v2\/product_cat?post=4990"},{"taxonomy":"product_tag","embeddable":true,"href":"https:\/\/www.study-online-language.com\/en\/wp-json\/wp\/v2\/product_tag?post=4990"}],"curies":[{"name":"wp","href":"https:\/\/api.w.org\/{rel}","templated":true}]}}