{"id":3661,"date":"2022-11-17T14:01:11","date_gmt":"2022-11-17T13:01:11","guid":{"rendered":"https:\/\/www.study-online-language.com\/?page_id=3661"},"modified":"2022-11-17T14:04:27","modified_gmt":"2022-11-17T13:04:27","slug":"spanscina-preterito-imperfecto-de-indicativo","status":"publish","type":"page","link":"https:\/\/www.study-online-language.com\/en\/e-ucilnice\/e-spanscina\/spanscina-preterito-imperfecto-de-indicativo\/","title":{"rendered":"\u0161pan\u0161\u010dina &#8211; pret\u00e9rito imperfecto de indicativo"},"content":{"rendered":"<div class=\"members-access-error\">Sorry, but you do not have permission to view this content.<\/div>","protected":false},"excerpt":{"rendered":"<div class=\"members-access-error\">Sorry, but you do not have permission to view this content.<\/div>","protected":false},"author":4,"featured_media":0,"parent":52,"menu_order":30,"comment_status":"closed","ping_status":"closed","template":"elementor_header_footer","meta":{"content-type":"","jetpack_post_was_ever_published":false,"footnotes":""},"class_list":["post-3661","page","type-page","status-publish","hentry","wpbf-post"],"_links":{"self":[{"href":"https:\/\/www.study-online-language.com\/en\/wp-json\/wp\/v2\/pages\/3661","targetHints":{"allow":["GET"]}}],"collection":[{"href":"https:\/\/www.study-online-language.com\/en\/wp-json\/wp\/v2\/pages"}],"about":[{"href":"https:\/\/www.study-online-language.com\/en\/wp-json\/wp\/v2\/types\/page"}],"author":[{"embeddable":true,"href":"https:\/\/www.study-online-language.com\/en\/wp-json\/wp\/v2\/users\/4"}],"replies":[{"embeddable":true,"href":"https:\/\/www.study-online-language.com\/en\/wp-json\/wp\/v2\/comments?post=3661"}],"version-history":[{"count":0,"href":"https:\/\/www.study-online-language.com\/en\/wp-json\/wp\/v2\/pages\/3661\/revisions"}],"up":[{"embeddable":true,"href":"https:\/\/www.study-online-language.com\/en\/wp-json\/wp\/v2\/pages\/52"}],"wp:attachment":[{"href":"https:\/\/www.study-online-language.com\/en\/wp-json\/wp\/v2\/media?parent=3661"}],"curies":[{"name":"wp","href":"https:\/\/api.w.org\/{rel}","templated":true}]}}