{"id":3441,"date":"2022-08-31T12:17:24","date_gmt":"2022-08-31T10:17:24","guid":{"rendered":"https:\/\/www.study-online-language.com\/?page_id=3441"},"modified":"2022-08-31T12:20:11","modified_gmt":"2022-08-31T10:20:11","slug":"spanscina-preterito-perfecto-de-indicativo","status":"publish","type":"page","link":"https:\/\/www.study-online-language.com\/en\/e-ucilnice\/e-spanscina\/spanscina-preterito-perfecto-de-indicativo\/","title":{"rendered":"\u0161pan\u0161\u010dina &#8211; pret\u00e9rito perfecto de indicativo"},"content":{"rendered":"<div class=\"members-access-error\">Sorry, but you do not have permission to view this content.<\/div>","protected":false},"excerpt":{"rendered":"<div class=\"members-access-error\">Sorry, but you do not have permission to view this content.<\/div>","protected":false},"author":4,"featured_media":0,"parent":52,"menu_order":28,"comment_status":"closed","ping_status":"closed","template":"elementor_header_footer","meta":{"content-type":"","jetpack_post_was_ever_published":false,"footnotes":""},"class_list":["post-3441","page","type-page","status-publish","hentry","wpbf-post"],"_links":{"self":[{"href":"https:\/\/www.study-online-language.com\/en\/wp-json\/wp\/v2\/pages\/3441","targetHints":{"allow":["GET"]}}],"collection":[{"href":"https:\/\/www.study-online-language.com\/en\/wp-json\/wp\/v2\/pages"}],"about":[{"href":"https:\/\/www.study-online-language.com\/en\/wp-json\/wp\/v2\/types\/page"}],"author":[{"embeddable":true,"href":"https:\/\/www.study-online-language.com\/en\/wp-json\/wp\/v2\/users\/4"}],"replies":[{"embeddable":true,"href":"https:\/\/www.study-online-language.com\/en\/wp-json\/wp\/v2\/comments?post=3441"}],"version-history":[{"count":0,"href":"https:\/\/www.study-online-language.com\/en\/wp-json\/wp\/v2\/pages\/3441\/revisions"}],"up":[{"embeddable":true,"href":"https:\/\/www.study-online-language.com\/en\/wp-json\/wp\/v2\/pages\/52"}],"wp:attachment":[{"href":"https:\/\/www.study-online-language.com\/en\/wp-json\/wp\/v2\/media?parent=3441"}],"curies":[{"name":"wp","href":"https:\/\/api.w.org\/{rel}","templated":true}]}}