{"id":2125,"date":"2022-11-25T11:26:35","date_gmt":"2022-11-25T10:26:35","guid":{"rendered":"https:\/\/www.study-online-language.com\/?page_id=2125"},"modified":"2023-01-30T08:43:49","modified_gmt":"2023-01-30T07:43:49","slug":"spanscina-extra-espanol","status":"publish","type":"page","link":"https:\/\/www.study-online-language.com\/en\/e-ucilnice\/e-spanscina\/spanscina-extra-espanol\/","title":{"rendered":"\u0161pan\u0161\u010dina &#8211; extra espanol"},"content":{"rendered":"<div class=\"members-access-error\">Sorry, but you do not have permission to view this content.<\/div>","protected":false},"excerpt":{"rendered":"<div class=\"members-access-error\">Sorry, but you do not have permission to view this content.<\/div>","protected":false},"author":4,"featured_media":0,"parent":52,"menu_order":32,"comment_status":"closed","ping_status":"closed","template":"elementor_header_footer","meta":{"content-type":"","jetpack_post_was_ever_published":false,"footnotes":""},"class_list":["post-2125","page","type-page","status-publish","hentry","wpbf-post"],"_links":{"self":[{"href":"https:\/\/www.study-online-language.com\/en\/wp-json\/wp\/v2\/pages\/2125","targetHints":{"allow":["GET"]}}],"collection":[{"href":"https:\/\/www.study-online-language.com\/en\/wp-json\/wp\/v2\/pages"}],"about":[{"href":"https:\/\/www.study-online-language.com\/en\/wp-json\/wp\/v2\/types\/page"}],"author":[{"embeddable":true,"href":"https:\/\/www.study-online-language.com\/en\/wp-json\/wp\/v2\/users\/4"}],"replies":[{"embeddable":true,"href":"https:\/\/www.study-online-language.com\/en\/wp-json\/wp\/v2\/comments?post=2125"}],"version-history":[{"count":1,"href":"https:\/\/www.study-online-language.com\/en\/wp-json\/wp\/v2\/pages\/2125\/revisions"}],"predecessor-version":[{"id":4438,"href":"https:\/\/www.study-online-language.com\/en\/wp-json\/wp\/v2\/pages\/2125\/revisions\/4438"}],"up":[{"embeddable":true,"href":"https:\/\/www.study-online-language.com\/en\/wp-json\/wp\/v2\/pages\/52"}],"wp:attachment":[{"href":"https:\/\/www.study-online-language.com\/en\/wp-json\/wp\/v2\/media?parent=2125"}],"curies":[{"name":"wp","href":"https:\/\/api.w.org\/{rel}","templated":true}]}}