{"id":1688,"date":"2020-12-21T12:31:57","date_gmt":"2020-12-21T11:31:58","guid":{"rendered":"https:\/\/www.study-online-language.com\/?page_id=1688"},"modified":"2023-04-20T13:12:10","modified_gmt":"2023-04-20T11:12:10","slug":"spanscina-1e","status":"publish","type":"page","link":"https:\/\/www.study-online-language.com\/en\/e-ucilnice\/e-spanscina\/spanscina-1e\/","title":{"rendered":"\u0161pan\u0161\u010dina 1e Te presento a mi amigo"},"content":{"rendered":"<div class=\"members-access-error\">Sorry, but you do not have permission to view this content.<\/div>","protected":false},"excerpt":{"rendered":"<div class=\"members-access-error\">Sorry, but you do not have permission to view this content.<\/div>","protected":false},"author":4,"featured_media":0,"parent":52,"menu_order":5,"comment_status":"closed","ping_status":"closed","template":"elementor_header_footer","meta":{"content-type":"","jetpack_post_was_ever_published":false,"footnotes":""},"class_list":["post-1688","page","type-page","status-publish","hentry","wpbf-post"],"_links":{"self":[{"href":"https:\/\/www.study-online-language.com\/en\/wp-json\/wp\/v2\/pages\/1688","targetHints":{"allow":["GET"]}}],"collection":[{"href":"https:\/\/www.study-online-language.com\/en\/wp-json\/wp\/v2\/pages"}],"about":[{"href":"https:\/\/www.study-online-language.com\/en\/wp-json\/wp\/v2\/types\/page"}],"author":[{"embeddable":true,"href":"https:\/\/www.study-online-language.com\/en\/wp-json\/wp\/v2\/users\/4"}],"replies":[{"embeddable":true,"href":"https:\/\/www.study-online-language.com\/en\/wp-json\/wp\/v2\/comments?post=1688"}],"version-history":[{"count":12,"href":"https:\/\/www.study-online-language.com\/en\/wp-json\/wp\/v2\/pages\/1688\/revisions"}],"predecessor-version":[{"id":4946,"href":"https:\/\/www.study-online-language.com\/en\/wp-json\/wp\/v2\/pages\/1688\/revisions\/4946"}],"up":[{"embeddable":true,"href":"https:\/\/www.study-online-language.com\/en\/wp-json\/wp\/v2\/pages\/52"}],"wp:attachment":[{"href":"https:\/\/www.study-online-language.com\/en\/wp-json\/wp\/v2\/media?parent=1688"}],"curies":[{"name":"wp","href":"https:\/\/api.w.org\/{rel}","templated":true}]}}